{"id":73,"date":"2021-05-26T17:48:20","date_gmt":"2021-05-26T15:48:20","guid":{"rendered":"https:\/\/brioshop.fr\/?post_type=product&#038;p=73"},"modified":"2026-03-06T18:58:11","modified_gmt":"2026-03-06T17:58:11","slug":"test","status":"publish","type":"product","link":"https:\/\/brioshop.fr\/?product=test","title":{"rendered":"Sous main en simili cuir &#8211; tapis de souris XXL"},"content":{"rendered":"<div style=\"width: 1920px;\" class=\"wp-video\"><video class=\"wp-video-shortcode\" id=\"video-73-1\" width=\"1920\" height=\"1080\" preload=\"metadata\" controls=\"controls\"><source type=\"video\/mp4\" src=\"https:\/\/brioshop.fr\/wp-content\/uploads\/2021\/05\/Spot-Sous-mains-BRIOSHOP.mp4?_=1\" \/><a href=\"https:\/\/brioshop.fr\/wp-content\/uploads\/2021\/05\/Spot-Sous-mains-BRIOSHOP.mp4\">https:\/\/brioshop.fr\/wp-content\/uploads\/2021\/05\/Spot-Sous-mains-BRIOSHOP.mp4<\/a><\/video><\/div>\n<p>Le sous-mains est r\u00e9versible et les 2 faces du sous-mains sont de couleurs diff\u00e9rentes.<\/p>\n<p>4 coloris disponibles sur stock<\/p>\n<p><img data-recalc-dims=\"1\" loading=\"lazy\" decoding=\"async\" class=\"alignnone wp-image-112 \" src=\"https:\/\/i0.wp.com\/brioshop.fr\/wp-content\/uploads\/2021\/05\/IMG_7293.jpg?resize=87%2C58&#038;ssl=1\" alt=\"\" width=\"87\" height=\"58\" srcset=\"https:\/\/i0.wp.com\/brioshop.fr\/wp-content\/uploads\/2021\/05\/IMG_7293-scaled.jpg?resize=300%2C200&amp;ssl=1 300w, https:\/\/i0.wp.com\/brioshop.fr\/wp-content\/uploads\/2021\/05\/IMG_7293-scaled.jpg?resize=1024%2C683&amp;ssl=1 1024w, https:\/\/i0.wp.com\/brioshop.fr\/wp-content\/uploads\/2021\/05\/IMG_7293-scaled.jpg?resize=768%2C512&amp;ssl=1 768w, https:\/\/i0.wp.com\/brioshop.fr\/wp-content\/uploads\/2021\/05\/IMG_7293-scaled.jpg?resize=1536%2C1024&amp;ssl=1 1536w, https:\/\/i0.wp.com\/brioshop.fr\/wp-content\/uploads\/2021\/05\/IMG_7293-scaled.jpg?resize=2048%2C1365&amp;ssl=1 2048w, https:\/\/i0.wp.com\/brioshop.fr\/wp-content\/uploads\/2021\/05\/IMG_7293-scaled.jpg?resize=1320%2C880&amp;ssl=1 1320w, https:\/\/i0.wp.com\/brioshop.fr\/wp-content\/uploads\/2021\/05\/IMG_7293-scaled.jpg?resize=600%2C400&amp;ssl=1 600w\" sizes=\"auto, (max-width: 87px) 100vw, 87px\" \/> Bleu marine et jaune orang\u00e9<\/p>\n<p><img data-recalc-dims=\"1\" loading=\"lazy\" decoding=\"async\" class=\"alignnone wp-image-111 \" src=\"https:\/\/i0.wp.com\/brioshop.fr\/wp-content\/uploads\/2021\/05\/IMG_7292.jpg?resize=87%2C58&#038;ssl=1\" alt=\"\" width=\"87\" height=\"58\" srcset=\"https:\/\/i0.wp.com\/brioshop.fr\/wp-content\/uploads\/2021\/05\/IMG_7292-scaled.jpg?resize=300%2C200&amp;ssl=1 300w, https:\/\/i0.wp.com\/brioshop.fr\/wp-content\/uploads\/2021\/05\/IMG_7292-scaled.jpg?resize=1024%2C683&amp;ssl=1 1024w, https:\/\/i0.wp.com\/brioshop.fr\/wp-content\/uploads\/2021\/05\/IMG_7292-scaled.jpg?resize=768%2C512&amp;ssl=1 768w, https:\/\/i0.wp.com\/brioshop.fr\/wp-content\/uploads\/2021\/05\/IMG_7292-scaled.jpg?resize=1536%2C1024&amp;ssl=1 1536w, https:\/\/i0.wp.com\/brioshop.fr\/wp-content\/uploads\/2021\/05\/IMG_7292-scaled.jpg?resize=2048%2C1365&amp;ssl=1 2048w, https:\/\/i0.wp.com\/brioshop.fr\/wp-content\/uploads\/2021\/05\/IMG_7292-scaled.jpg?resize=1320%2C880&amp;ssl=1 1320w, https:\/\/i0.wp.com\/brioshop.fr\/wp-content\/uploads\/2021\/05\/IMG_7292-scaled.jpg?resize=600%2C400&amp;ssl=1 600w\" sizes=\"auto, (max-width: 87px) 100vw, 87px\" \/> Noir et bordeaux<\/p>\n<p><img data-recalc-dims=\"1\" loading=\"lazy\" decoding=\"async\" class=\"alignnone wp-image-114 \" src=\"https:\/\/i0.wp.com\/brioshop.fr\/wp-content\/uploads\/2021\/05\/IMG_7300.jpg?resize=87%2C58&#038;ssl=1\" alt=\"\" width=\"87\" height=\"58\" srcset=\"https:\/\/i0.wp.com\/brioshop.fr\/wp-content\/uploads\/2021\/05\/IMG_7300-scaled.jpg?resize=300%2C200&amp;ssl=1 300w, https:\/\/i0.wp.com\/brioshop.fr\/wp-content\/uploads\/2021\/05\/IMG_7300-scaled.jpg?resize=1024%2C683&amp;ssl=1 1024w, https:\/\/i0.wp.com\/brioshop.fr\/wp-content\/uploads\/2021\/05\/IMG_7300-scaled.jpg?resize=768%2C512&amp;ssl=1 768w, https:\/\/i0.wp.com\/brioshop.fr\/wp-content\/uploads\/2021\/05\/IMG_7300-scaled.jpg?resize=1536%2C1024&amp;ssl=1 1536w, https:\/\/i0.wp.com\/brioshop.fr\/wp-content\/uploads\/2021\/05\/IMG_7300-scaled.jpg?resize=2048%2C1365&amp;ssl=1 2048w, https:\/\/i0.wp.com\/brioshop.fr\/wp-content\/uploads\/2021\/05\/IMG_7300-scaled.jpg?resize=1320%2C880&amp;ssl=1 1320w, https:\/\/i0.wp.com\/brioshop.fr\/wp-content\/uploads\/2021\/05\/IMG_7300-scaled.jpg?resize=600%2C400&amp;ssl=1 600w\" sizes=\"auto, (max-width: 87px) 100vw, 87px\" \/> Gris et argent\u00e9<\/p>\n<p><img data-recalc-dims=\"1\" loading=\"lazy\" decoding=\"async\" class=\"alignnone wp-image-113 \" src=\"https:\/\/i0.wp.com\/brioshop.fr\/wp-content\/uploads\/2021\/05\/IMG_7295.jpg?resize=87%2C58&#038;ssl=1\" alt=\"\" width=\"87\" height=\"58\" srcset=\"https:\/\/i0.wp.com\/brioshop.fr\/wp-content\/uploads\/2021\/05\/IMG_7295-scaled.jpg?resize=300%2C200&amp;ssl=1 300w, https:\/\/i0.wp.com\/brioshop.fr\/wp-content\/uploads\/2021\/05\/IMG_7295-scaled.jpg?resize=1024%2C683&amp;ssl=1 1024w, https:\/\/i0.wp.com\/brioshop.fr\/wp-content\/uploads\/2021\/05\/IMG_7295-scaled.jpg?resize=768%2C512&amp;ssl=1 768w, https:\/\/i0.wp.com\/brioshop.fr\/wp-content\/uploads\/2021\/05\/IMG_7295-scaled.jpg?resize=1536%2C1024&amp;ssl=1 1536w, https:\/\/i0.wp.com\/brioshop.fr\/wp-content\/uploads\/2021\/05\/IMG_7295-scaled.jpg?resize=2048%2C1365&amp;ssl=1 2048w, https:\/\/i0.wp.com\/brioshop.fr\/wp-content\/uploads\/2021\/05\/IMG_7295-scaled.jpg?resize=1320%2C880&amp;ssl=1 1320w, https:\/\/i0.wp.com\/brioshop.fr\/wp-content\/uploads\/2021\/05\/IMG_7295-scaled.jpg?resize=600%2C400&amp;ssl=1 600w\" sizes=\"auto, (max-width: 87px) 100vw, 87px\" \/> Rose et dor\u00e9<\/p>\n<p>Livr\u00e9 enroul\u00e9 avec une sangle de maintien de la m\u00eame mati\u00e8re qui peut \u00eatre utilis\u00e9e comme range-c\u00e2ble \u00e9galement<\/p>\n<p>Exp\u00e9dition rapide de notre stock en r\u00e9gion parisienne<\/p>\n<p>Mati\u00e8re : simili-cuir<\/p>\n<p>Dimensions : 80 x 40 cm<\/p>\n<p>Poids unitaire : 335gr<\/p>\n<p><img data-recalc-dims=\"1\" loading=\"lazy\" decoding=\"async\" class=\"alignnone wp-image-101 size-medium\" src=\"https:\/\/i0.wp.com\/brioshop.fr\/wp-content\/uploads\/2021\/05\/Utilisation.jpg?resize=300%2C300&#038;ssl=1\" alt=\"\" width=\"300\" height=\"300\" srcset=\"https:\/\/i0.wp.com\/brioshop.fr\/wp-content\/uploads\/2021\/05\/Utilisation.jpg?resize=300%2C300&amp;ssl=1 300w, https:\/\/i0.wp.com\/brioshop.fr\/wp-content\/uploads\/2021\/05\/Utilisation.jpg?resize=1024%2C1024&amp;ssl=1 1024w, https:\/\/i0.wp.com\/brioshop.fr\/wp-content\/uploads\/2021\/05\/Utilisation.jpg?resize=150%2C150&amp;ssl=1 150w, https:\/\/i0.wp.com\/brioshop.fr\/wp-content\/uploads\/2021\/05\/Utilisation.jpg?resize=768%2C768&amp;ssl=1 768w, https:\/\/i0.wp.com\/brioshop.fr\/wp-content\/uploads\/2021\/05\/Utilisation.jpg?resize=1320%2C1320&amp;ssl=1 1320w, https:\/\/i0.wp.com\/brioshop.fr\/wp-content\/uploads\/2021\/05\/Utilisation.jpg?resize=600%2C600&amp;ssl=1 600w, https:\/\/i0.wp.com\/brioshop.fr\/wp-content\/uploads\/2021\/05\/Utilisation.jpg?resize=100%2C100&amp;ssl=1 100w, https:\/\/i0.wp.com\/brioshop.fr\/wp-content\/uploads\/2021\/05\/Utilisation.jpg?w=1500&amp;ssl=1 1500w\" sizes=\"auto, (max-width: 300px) 100vw, 300px\" \/><img data-recalc-dims=\"1\" loading=\"lazy\" decoding=\"async\" class=\"alignnone wp-image-92 size-medium\" src=\"https:\/\/i0.wp.com\/brioshop.fr\/wp-content\/uploads\/2021\/05\/sous-main-impermeable.jpg?resize=300%2C300&#038;ssl=1\" alt=\"\" width=\"300\" height=\"300\" srcset=\"https:\/\/i0.wp.com\/brioshop.fr\/wp-content\/uploads\/2021\/05\/sous-main-impermeable.jpg?w=300&amp;ssl=1 300w, https:\/\/i0.wp.com\/brioshop.fr\/wp-content\/uploads\/2021\/05\/sous-main-impermeable.jpg?resize=150%2C150&amp;ssl=1 150w, https:\/\/i0.wp.com\/brioshop.fr\/wp-content\/uploads\/2021\/05\/sous-main-impermeable.jpg?resize=100%2C100&amp;ssl=1 100w\" sizes=\"auto, (max-width: 300px) 100vw, 300px\" \/><img data-recalc-dims=\"1\" loading=\"lazy\" decoding=\"async\" class=\"alignnone wp-image-93 size-medium\" src=\"https:\/\/i0.wp.com\/brioshop.fr\/wp-content\/uploads\/2021\/05\/Confort-dutilisation-de-la-souris.jpg?resize=182%2C300&#038;ssl=1\" alt=\"\" width=\"182\" height=\"300\" srcset=\"https:\/\/i0.wp.com\/brioshop.fr\/wp-content\/uploads\/2021\/05\/Confort-dutilisation-de-la-souris.jpg?resize=182%2C300&amp;ssl=1 182w, https:\/\/i0.wp.com\/brioshop.fr\/wp-content\/uploads\/2021\/05\/Confort-dutilisation-de-la-souris.jpg?resize=621%2C1024&amp;ssl=1 621w, https:\/\/i0.wp.com\/brioshop.fr\/wp-content\/uploads\/2021\/05\/Confort-dutilisation-de-la-souris.jpg?resize=600%2C989&amp;ssl=1 600w, https:\/\/i0.wp.com\/brioshop.fr\/wp-content\/uploads\/2021\/05\/Confort-dutilisation-de-la-souris.jpg?w=750&amp;ssl=1 750w\" sizes=\"auto, (max-width: 182px) 100vw, 182px\" \/><img data-recalc-dims=\"1\" loading=\"lazy\" decoding=\"async\" class=\"alignnone wp-image-96 size-medium\" src=\"https:\/\/i0.wp.com\/brioshop.fr\/wp-content\/uploads\/2021\/05\/Le-grain-du-PU.jpg?resize=300%2C300&#038;ssl=1\" alt=\"\" width=\"300\" height=\"300\" srcset=\"https:\/\/i0.wp.com\/brioshop.fr\/wp-content\/uploads\/2021\/05\/Le-grain-du-PU.jpg?resize=300%2C300&amp;ssl=1 300w, https:\/\/i0.wp.com\/brioshop.fr\/wp-content\/uploads\/2021\/05\/Le-grain-du-PU.jpg?resize=150%2C150&amp;ssl=1 150w, https:\/\/i0.wp.com\/brioshop.fr\/wp-content\/uploads\/2021\/05\/Le-grain-du-PU.jpg?resize=600%2C600&amp;ssl=1 600w, https:\/\/i0.wp.com\/brioshop.fr\/wp-content\/uploads\/2021\/05\/Le-grain-du-PU.jpg?resize=100%2C100&amp;ssl=1 100w, https:\/\/i0.wp.com\/brioshop.fr\/wp-content\/uploads\/2021\/05\/Le-grain-du-PU.jpg?w=750&amp;ssl=1 750w\" sizes=\"auto, (max-width: 300px) 100vw, 300px\" \/><img data-recalc-dims=\"1\" loading=\"lazy\" decoding=\"async\" class=\"alignnone wp-image-111 size-medium\" src=\"https:\/\/i0.wp.com\/brioshop.fr\/wp-content\/uploads\/2021\/05\/IMG_7292.jpg?resize=300%2C200&#038;ssl=1\" alt=\"Sous-mains noir et bordeaux\" width=\"300\" height=\"200\" srcset=\"https:\/\/i0.wp.com\/brioshop.fr\/wp-content\/uploads\/2021\/05\/IMG_7292-scaled.jpg?resize=300%2C200&amp;ssl=1 300w, https:\/\/i0.wp.com\/brioshop.fr\/wp-content\/uploads\/2021\/05\/IMG_7292-scaled.jpg?resize=1024%2C683&amp;ssl=1 1024w, https:\/\/i0.wp.com\/brioshop.fr\/wp-content\/uploads\/2021\/05\/IMG_7292-scaled.jpg?resize=768%2C512&amp;ssl=1 768w, https:\/\/i0.wp.com\/brioshop.fr\/wp-content\/uploads\/2021\/05\/IMG_7292-scaled.jpg?resize=1536%2C1024&amp;ssl=1 1536w, https:\/\/i0.wp.com\/brioshop.fr\/wp-content\/uploads\/2021\/05\/IMG_7292-scaled.jpg?resize=2048%2C1365&amp;ssl=1 2048w, https:\/\/i0.wp.com\/brioshop.fr\/wp-content\/uploads\/2021\/05\/IMG_7292-scaled.jpg?resize=1320%2C880&amp;ssl=1 1320w, https:\/\/i0.wp.com\/brioshop.fr\/wp-content\/uploads\/2021\/05\/IMG_7292-scaled.jpg?resize=600%2C400&amp;ssl=1 600w\" sizes=\"auto, (max-width: 300px) 100vw, 300px\" \/><img data-recalc-dims=\"1\" loading=\"lazy\" decoding=\"async\" class=\"alignnone wp-image-112 size-medium\" src=\"https:\/\/i0.wp.com\/brioshop.fr\/wp-content\/uploads\/2021\/05\/IMG_7293.jpg?resize=300%2C200&#038;ssl=1\" alt=\"Sous-mains bleu marine et jaune orang\u00e9e\" width=\"300\" height=\"200\" srcset=\"https:\/\/i0.wp.com\/brioshop.fr\/wp-content\/uploads\/2021\/05\/IMG_7293-scaled.jpg?resize=300%2C200&amp;ssl=1 300w, https:\/\/i0.wp.com\/brioshop.fr\/wp-content\/uploads\/2021\/05\/IMG_7293-scaled.jpg?resize=1024%2C683&amp;ssl=1 1024w, https:\/\/i0.wp.com\/brioshop.fr\/wp-content\/uploads\/2021\/05\/IMG_7293-scaled.jpg?resize=768%2C512&amp;ssl=1 768w, https:\/\/i0.wp.com\/brioshop.fr\/wp-content\/uploads\/2021\/05\/IMG_7293-scaled.jpg?resize=1536%2C1024&amp;ssl=1 1536w, https:\/\/i0.wp.com\/brioshop.fr\/wp-content\/uploads\/2021\/05\/IMG_7293-scaled.jpg?resize=2048%2C1365&amp;ssl=1 2048w, https:\/\/i0.wp.com\/brioshop.fr\/wp-content\/uploads\/2021\/05\/IMG_7293-scaled.jpg?resize=1320%2C880&amp;ssl=1 1320w, https:\/\/i0.wp.com\/brioshop.fr\/wp-content\/uploads\/2021\/05\/IMG_7293-scaled.jpg?resize=600%2C400&amp;ssl=1 600w\" sizes=\"auto, (max-width: 300px) 100vw, 300px\" \/><img data-recalc-dims=\"1\" loading=\"lazy\" decoding=\"async\" class=\"alignnone wp-image-113 size-medium\" src=\"https:\/\/i0.wp.com\/brioshop.fr\/wp-content\/uploads\/2021\/05\/IMG_7295.jpg?resize=300%2C200&#038;ssl=1\" alt=\"Sous-mains rose et dor\u00e9e\" width=\"300\" height=\"200\" srcset=\"https:\/\/i0.wp.com\/brioshop.fr\/wp-content\/uploads\/2021\/05\/IMG_7295-scaled.jpg?resize=300%2C200&amp;ssl=1 300w, https:\/\/i0.wp.com\/brioshop.fr\/wp-content\/uploads\/2021\/05\/IMG_7295-scaled.jpg?resize=1024%2C683&amp;ssl=1 1024w, https:\/\/i0.wp.com\/brioshop.fr\/wp-content\/uploads\/2021\/05\/IMG_7295-scaled.jpg?resize=768%2C512&amp;ssl=1 768w, https:\/\/i0.wp.com\/brioshop.fr\/wp-content\/uploads\/2021\/05\/IMG_7295-scaled.jpg?resize=1536%2C1024&amp;ssl=1 1536w, https:\/\/i0.wp.com\/brioshop.fr\/wp-content\/uploads\/2021\/05\/IMG_7295-scaled.jpg?resize=2048%2C1365&amp;ssl=1 2048w, https:\/\/i0.wp.com\/brioshop.fr\/wp-content\/uploads\/2021\/05\/IMG_7295-scaled.jpg?resize=1320%2C880&amp;ssl=1 1320w, https:\/\/i0.wp.com\/brioshop.fr\/wp-content\/uploads\/2021\/05\/IMG_7295-scaled.jpg?resize=600%2C400&amp;ssl=1 600w\" sizes=\"auto, (max-width: 300px) 100vw, 300px\" \/><img data-recalc-dims=\"1\" loading=\"lazy\" decoding=\"async\" class=\"alignnone wp-image-114 size-medium\" src=\"https:\/\/i0.wp.com\/brioshop.fr\/wp-content\/uploads\/2021\/05\/IMG_7300.jpg?resize=300%2C200&#038;ssl=1\" alt=\"Sous-mains gris et argent\u00e9\" width=\"300\" height=\"200\" srcset=\"https:\/\/i0.wp.com\/brioshop.fr\/wp-content\/uploads\/2021\/05\/IMG_7300-scaled.jpg?resize=300%2C200&amp;ssl=1 300w, https:\/\/i0.wp.com\/brioshop.fr\/wp-content\/uploads\/2021\/05\/IMG_7300-scaled.jpg?resize=1024%2C683&amp;ssl=1 1024w, https:\/\/i0.wp.com\/brioshop.fr\/wp-content\/uploads\/2021\/05\/IMG_7300-scaled.jpg?resize=768%2C512&amp;ssl=1 768w, https:\/\/i0.wp.com\/brioshop.fr\/wp-content\/uploads\/2021\/05\/IMG_7300-scaled.jpg?resize=1536%2C1024&amp;ssl=1 1536w, https:\/\/i0.wp.com\/brioshop.fr\/wp-content\/uploads\/2021\/05\/IMG_7300-scaled.jpg?resize=2048%2C1365&amp;ssl=1 2048w, https:\/\/i0.wp.com\/brioshop.fr\/wp-content\/uploads\/2021\/05\/IMG_7300-scaled.jpg?resize=1320%2C880&amp;ssl=1 1320w, https:\/\/i0.wp.com\/brioshop.fr\/wp-content\/uploads\/2021\/05\/IMG_7300-scaled.jpg?resize=600%2C400&amp;ssl=1 600w\" sizes=\"auto, (max-width: 300px) 100vw, 300px\" \/><img data-recalc-dims=\"1\" loading=\"lazy\" decoding=\"async\" class=\"alignnone wp-image-110 size-medium\" src=\"https:\/\/i0.wp.com\/brioshop.fr\/wp-content\/uploads\/2021\/05\/IMG_7323-_-RETOUCHE.jpg?resize=300%2C192&#038;ssl=1\" alt=\"\" width=\"300\" height=\"192\" srcset=\"https:\/\/i0.wp.com\/brioshop.fr\/wp-content\/uploads\/2021\/05\/IMG_7323-_-RETOUCHE-scaled.jpg?resize=300%2C192&amp;ssl=1 300w, https:\/\/i0.wp.com\/brioshop.fr\/wp-content\/uploads\/2021\/05\/IMG_7323-_-RETOUCHE-scaled.jpg?resize=1024%2C655&amp;ssl=1 1024w, https:\/\/i0.wp.com\/brioshop.fr\/wp-content\/uploads\/2021\/05\/IMG_7323-_-RETOUCHE-scaled.jpg?resize=768%2C491&amp;ssl=1 768w, https:\/\/i0.wp.com\/brioshop.fr\/wp-content\/uploads\/2021\/05\/IMG_7323-_-RETOUCHE-scaled.jpg?resize=1536%2C983&amp;ssl=1 1536w, https:\/\/i0.wp.com\/brioshop.fr\/wp-content\/uploads\/2021\/05\/IMG_7323-_-RETOUCHE-scaled.jpg?resize=2048%2C1310&amp;ssl=1 2048w, https:\/\/i0.wp.com\/brioshop.fr\/wp-content\/uploads\/2021\/05\/IMG_7323-_-RETOUCHE-scaled.jpg?resize=1320%2C844&amp;ssl=1 1320w, https:\/\/i0.wp.com\/brioshop.fr\/wp-content\/uploads\/2021\/05\/IMG_7323-_-RETOUCHE-scaled.jpg?resize=600%2C384&amp;ssl=1 600w\" sizes=\"auto, (max-width: 300px) 100vw, 300px\" \/><\/p>\n","protected":false},"excerpt":{"rendered":"<p>Grand tapis de souris souple<\/p>\n<p>Sous-mains \u00e9l\u00e9gant<\/p>\n<p>Tapis de jeu<\/p>\n<p>Tapis de gaming<\/p>\n<p>Tapis antid\u00e9rapant en simili cuir , en effet la souris glisse tr\u00e8s facilement et le tapis reste bien en place pendant l\u2019utilisation.<\/p>\n<p>Imperm\u00e9able : r\u00e9sistant \u00e0 l\u2019eau, prot\u00e8ge votre bureau de l\u2019eau renvers\u00e9e, des boissons ou des taches d\u2019huile. Se nettoie facilement avec un chiffon humide.<\/p>\n","protected":false},"featured_media":98,"comment_status":"open","ping_status":"closed","template":"","meta":[],"product_brand":[],"product_cat":[17],"product_tag":[],"class_list":{"0":"post-73","1":"product","2":"type-product","3":"status-publish","4":"has-post-thumbnail","6":"product_cat-non-classe","8":"first","9":"instock","10":"taxable","11":"shipping-taxable","12":"purchasable","13":"product-type-simple"},"jetpack-related-posts":[],"jetpack_sharing_enabled":true,"_links":{"self":[{"href":"https:\/\/brioshop.fr\/index.php?rest_route=\/wp\/v2\/product\/73","targetHints":{"allow":["GET"]}}],"collection":[{"href":"https:\/\/brioshop.fr\/index.php?rest_route=\/wp\/v2\/product"}],"about":[{"href":"https:\/\/brioshop.fr\/index.php?rest_route=\/wp\/v2\/types\/product"}],"replies":[{"embeddable":true,"href":"https:\/\/brioshop.fr\/index.php?rest_route=%2Fwp%2Fv2%2Fcomments&post=73"}],"wp:featuredmedia":[{"embeddable":true,"href":"https:\/\/brioshop.fr\/index.php?rest_route=\/wp\/v2\/media\/98"}],"wp:attachment":[{"href":"https:\/\/brioshop.fr\/index.php?rest_route=%2Fwp%2Fv2%2Fmedia&parent=73"}],"wp:term":[{"taxonomy":"product_brand","embeddable":true,"href":"https:\/\/brioshop.fr\/index.php?rest_route=%2Fwp%2Fv2%2Fproduct_brand&post=73"},{"taxonomy":"product_cat","embeddable":true,"href":"https:\/\/brioshop.fr\/index.php?rest_route=%2Fwp%2Fv2%2Fproduct_cat&post=73"},{"taxonomy":"product_tag","embeddable":true,"href":"https:\/\/brioshop.fr\/index.php?rest_route=%2Fwp%2Fv2%2Fproduct_tag&post=73"}],"curies":[{"name":"wp","href":"https:\/\/api.w.org\/{rel}","templated":true}]}}